{"id":2855,"date":"2022-07-04T16:23:29","date_gmt":"2022-07-04T19:23:29","guid":{"rendered":"http:\/\/eetn1villaguay.info\/wp\/?page_id=2855"},"modified":"2022-07-29T10:36:00","modified_gmt":"2022-07-29T13:36:00","slug":"trabajo-interdisciplinario-7mo-ano-computacion-4to-compiutacion-1er-ano-3ra-y-1er-ano-4ta-division","status":"publish","type":"page","link":"http:\/\/eetn1villaguay.info\/wp\/trabajo-interdisciplinario-7mo-ano-computacion-4to-compiutacion-1er-ano-3ra-y-1er-ano-4ta-division\/","title":{"rendered":"Trabajo Interdisciplinario"},"content":{"rendered":"\n<h2>Participaron 7mo Computaci\u00f3n, 4to Computaci\u00f3n, 1er A\u00f1o 3ra Div. y 1er A\u00f1o 4ta Div.<\/h2>\n\n\n\n<hr class=\"wp-block-separator is-style-wide\"\/>\n\n\n\n<h2 style=\"text-align:center\">CUENTOS<\/h2>\n\n\n\n<hr class=\"wp-block-separator is-style-wide\"\/>\n\n\n\n<div class=\"wp-block-button\"><a class=\"wp-block-button__link has-background has-vivid-red-background-color\" href=\"http:\/\/eetn1villaguay.info\/wp\/wp-content\/uploads\/2022\/07\/Trabajo-Joaco-y-marcos.pdf\"> El Ni\u00f1o que so\u00f1aba ser Superheroe &#8211; por Joaquin Gamarra y Marcos Mathey Doret-  Estudiante Guia Tomas Char <\/a><\/div>\n\n\n\n<div class=\"wp-block-button\"><a class=\"wp-block-button__link has-background has-luminous-vivid-orange-background-color\" href=\"El \u00f1and\u00fa y el pato sirir\u00ed\">El \u00f1and\u00fa y el Pato Sirir\u00ed &#8211; por Thiago Paysse &#8211; Estudiante Guia Mar\u00eda de lo Angeles Carrizo<\/a><\/div>\n\n\n\n<div class=\"wp-block-button\"><a class=\"wp-block-button__link has-background has-vivid-green-cyan-background-color\" href=\"http:\/\/eetn1villaguay.info\/wp\/wp-content\/uploads\/2022\/07\/El-Granjero.pdf\">El Granjero &#8211; por Lorenzo Velazquez y Emiliano Enrique &#8211; Estudiante Guia Candela D&#8217;alessandro<\/a><\/div>\n\n\n\n<div class=\"wp-block-button\"><a class=\"wp-block-button__link has-background has-pale-cyan-blue-background-color\" href=\"http:\/\/eetn1villaguay.info\/wp\/wp-content\/uploads\/2022\/07\/La-Selva.pdf\">La Selva &#8211; por Thiago Falcon &#8211; Estudiante Guia Tobias Duche                                           <\/a><\/div>\n\n\n\n<div class=\"wp-block-button\"><a class=\"wp-block-button__link has-background has-vivid-cyan-blue-background-color\" href=\"http:\/\/eetn1villaguay.info\/wp\/wp-content\/uploads\/2022\/07\/El-virus-de-la-risa.pdf\">El Virus de la risa &#8211; por Mat\u00edas Nieves y Silvestre  Nass &#8211; Estudiante Guia P\u00eda Luj\u00e1n  Gimenez<\/a><\/div>\n\n\n\n<div class=\"wp-block-button\"><a class=\"wp-block-button__link has-background has-luminous-vivid-amber-background-color\" href=\"http:\/\/eetn1villaguay.info\/wp\/wp-content\/uploads\/2022\/07\/Memoria-perdida.pdf\">Memoria Perdida &#8211; por Zaira Perezlindo y Martina Zlonitzky &#8211; Estudiantes Guias Benjamin Alfonso, Escobar Ulises, Santiago Beltrame y Ignacio Anselmino<\/a><\/div>\n\n\n\n<div class=\"wp-block-button\"><a class=\"wp-block-button__link has-background has-vivid-red-background-color\" href=\"http:\/\/eetn1villaguay.info\/wp\/wp-content\/uploads\/2022\/07\/1ro-3ra-cuento-benja-y-dilan.pdf\">La Muerte en Vida &#8211; por Benjamin Mendiata &#8211; Estudiante Guia Tadeo Aubry<\/a><\/div>\n\n\n\n<div class=\"wp-block-button\"><a class=\"wp-block-button__link has-background has-luminous-vivid-orange-background-color\" href=\"http:\/\/eetn1villaguay.info\/wp\/wp-content\/uploads\/2022\/07\/Lucas-y-Luciano.pdf\">Lucas y Luciano &#8211; por Luciano Martinez &#8211; Estudiante Guia Briana Arlettaz<\/a><\/div>\n\n\n\n<hr class=\"wp-block-separator is-style-wide\"\/>\n\n\n\n<h2 style=\"text-align:center\">JUEGOS<\/h2>\n\n\n\n<hr class=\"wp-block-separator is-style-wide\"\/>\n\n\n\n<div class=\"wp-block-button aligncenter is-style-outline\"><a class=\"wp-block-button__link has-text-color has-very-dark-gray-color has-background has-light-green-cyan-background-color\" href=\"http:\/\/www.eetn1villaguay.info\/trabajosprimero\/13dylanojedafaust\/juego.htm\"><strong>Dylan Ojeda &#8211; Estudiante Gu\u00eda: Faust Mart\u00edn<\/strong><\/a><\/div>\n\n\n\n<div class=\"wp-block-button aligncenter is-style-outline\"><a class=\"wp-block-button__link has-text-color has-very-dark-gray-color has-background has-pale-cyan-blue-background-color\" href=\"http:\/\/www.eetn1villaguay.info\/trabajosprimero\/tpprimero\/13amarilloruthanselmino\/historia.htm\"><strong>Amarillo Ruth-Estudiante Gu\u00eda: Anselmino Candela<\/strong><\/a><\/div>\n\n\n\n<div class=\"wp-block-button aligncenter is-style-outline\"><a class=\"wp-block-button__link has-text-color has-very-dark-gray-color has-background\" href=\"http:\/\/www.eetn1villaguay.info\/trabajosprimero\/tpprimero\/13morenabarretogamarra\/trabajo.htm\" style=\"background-color:#48f099\"><strong>Morena Barreto &#8211; Estudiante Gu\u00eda: Gamarra Luz<\/strong><\/a><\/div>\n\n\n\n<div class=\"wp-block-button aligncenter is-style-outline\"><a class=\"wp-block-button__link has-text-color has-very-dark-gray-color has-background\" href=\"http:\/\/www.eetn1villaguay.info\/trabajosprimero\/tpprimero\/13maximoaguirreluna\/trabajo.htm\" style=\"background-color:#5dceff\"><strong> M\u00e1ximo Aguirre &#8211; Estudiante Gu\u00eda: Asselbon Luna <\/strong><\/a><\/div>\n\n\n\n<div class=\"wp-block-button aligncenter is-style-outline\"><a class=\"wp-block-button__link has-text-color has-very-dark-gray-color has-background has-light-green-cyan-background-color\" href=\"http:\/\/www.eetn1villaguay.info\/trabajosprimero\/tpprimero\/13morenacoroneldimotta\/preguntashistoria.htm\"><strong>Morena Coronel &#8211; Estudiante Gu\u00eda: Marilyn Dimotta<\/strong><\/a><\/div>\n\n\n\n<div class=\"wp-block-button aligncenter is-style-outline\"><a class=\"wp-block-button__link has-text-color has-very-dark-gray-color has-background has-pale-cyan-blue-background-color\" href=\"http:\/\/www.eetn1villaguay.info\/trabajosprimero\/maximobarreto\/trabajomaximo.htm\"><strong>M\u00e1ximo Barreto &#8211; Estudiante Gu\u00eda: Fabricio Maini<\/strong><\/a><\/div>\n\n\n\n<div class=\"wp-block-button aligncenter is-style-outline\"><a class=\"wp-block-button__link has-text-color has-very-dark-gray-color has-background\" href=\"http:\/\/www.eetn1villaguay.info\/trabajosprimero\/thiago\/preguntashistoria.htm\" style=\"background-color:#58f98d\"><strong>Thiago Ruiz Diaz &#8211; Estudiante Gu\u00eda: Heinzen Luana<\/strong><\/a><\/div>\n\n\n\n<div class=\"wp-block-button aligncenter is-style-outline\"><a class=\"wp-block-button__link has-text-color has-very-dark-gray-color has-background\" href=\"http:\/\/www.eetn1villaguay.info\/trabajosprimero\/benjamin\/benjamin.htm\" style=\"background-color:#60c7f3\"><strong>Benjam\u00edn &#8211; Estudiante Gu\u00eda: Marzoratti Gonzalo<\/strong><\/a><\/div>\n\n\n\n<div class=\"wp-block-button aligncenter is-style-outline\"><a class=\"wp-block-button__link has-text-color has-very-dark-gray-color has-background has-light-green-cyan-background-color\" href=\"http:\/\/www.eetn1villaguay.info\/trabajosprimero\/jquizsheila\/sheilaschierloh.htm\"><strong>Sheila Schierloh &#8211; Estudiante Gu\u00eda: Nu\u00f1ez Juliana<\/strong><\/a><\/div>\n\n\n\n<div class=\"wp-block-button aligncenter is-style-outline\"><a class=\"wp-block-button__link has-text-color has-very-dark-gray-color has-background has-pale-cyan-blue-background-color\" href=\"http:\/\/www.eetn1villaguay.info\/trabajosprimero\/lucianoojeda\/historia_quiz.htm\"><strong>Luciano Ojeda &#8211; Estudiante Gu\u00eda: Neifert Joaqu\u00edn<\/strong><\/a><\/div>\n\n\n\n<div class=\"wp-block-button aligncenter is-style-outline\"><a class=\"wp-block-button__link has-text-color has-very-dark-gray-color has-background\" href=\"http:\/\/www.eetn1villaguay.info\/trabajosprimero\/manuel\/quizdeManu.htm\" style=\"background-color:#4de37d\"><strong>Manuel Rey &#8211; Estudiante Gu\u00eda: P\u00e9rez Lautaro<\/strong><\/a><\/div>\n","protected":false},"excerpt":{"rendered":"<p>Participaron 7mo Computaci\u00f3n, 4to Computaci\u00f3n, 1er A\u00f1o 3ra Div. y 1er A\u00f1o 4ta Div. CUENTOS JUEGOS<\/p>\n","protected":false},"author":1,"featured_media":0,"parent":0,"menu_order":0,"comment_status":"closed","ping_status":"closed","template":"","meta":[],"_links":{"self":[{"href":"http:\/\/eetn1villaguay.info\/wp\/wp-json\/wp\/v2\/pages\/2855"}],"collection":[{"href":"http:\/\/eetn1villaguay.info\/wp\/wp-json\/wp\/v2\/pages"}],"about":[{"href":"http:\/\/eetn1villaguay.info\/wp\/wp-json\/wp\/v2\/types\/page"}],"author":[{"embeddable":true,"href":"http:\/\/eetn1villaguay.info\/wp\/wp-json\/wp\/v2\/users\/1"}],"replies":[{"embeddable":true,"href":"http:\/\/eetn1villaguay.info\/wp\/wp-json\/wp\/v2\/comments?post=2855"}],"version-history":[{"count":29,"href":"http:\/\/eetn1villaguay.info\/wp\/wp-json\/wp\/v2\/pages\/2855\/revisions"}],"predecessor-version":[{"id":2955,"href":"http:\/\/eetn1villaguay.info\/wp\/wp-json\/wp\/v2\/pages\/2855\/revisions\/2955"}],"wp:attachment":[{"href":"http:\/\/eetn1villaguay.info\/wp\/wp-json\/wp\/v2\/media?parent=2855"}],"curies":[{"name":"wp","href":"https:\/\/api.w.org\/{rel}","templated":true}]}}